{"id":3607,"date":"2025-02-26T18:00:33","date_gmt":"2025-02-26T18:00:33","guid":{"rendered":"https:\/\/losalmendrossayulita.com\/normas-y-reglamentos\/"},"modified":"2025-07-17T20:47:42","modified_gmt":"2025-07-17T20:47:42","slug":"normas-y-reglamentos","status":"publish","type":"page","link":"https:\/\/losalmendrossayulita.com\/es\/normas-y-reglamentos\/","title":{"rendered":"Normas y reglamentos"},"content":{"rendered":"<p>ESTIMADO <em>INVITADO<\/em><\/p>\n<p>O Pol\u00edtica de cancelaci\u00f3n es la siguiente:<\/p>\n<p>Se cargar\u00e1 el 20% del TOTAL. No se admiten cancelaciones 60 d\u00edas antes de la fecha de llegada. <\/p>\n<p><em>Te rogamos que tengas en cuenta la siguiente informaci\u00f3n:<\/em><\/p>\n<p><em>REGISTRO DE ENTRADA\/SALIDA<\/em><\/p>\n<p><em>LA OFICINA EST\u00c1 CERRADA DE 13:30 a 15:00 de lunes a s\u00e1bado y CERRADA TODO EL DOMINGO<\/em><\/p>\n<p><em>La hora de entrada es despu\u00e9s de las 15:00 y hasta las 18:30.<\/em><\/p>\n<p>Los registros tard\u00edos se hacen con el guarda de seguridad. Los hu\u00e9spedes deben estar preparados para pagar el dep\u00f3sito de llaves reembolsable de 5 USD para todas las villas, excepto para los PH, Cielito Lindo, Buena Vista y Amada, cuyo dep\u00f3sito es de 30 USD. <\/p>\n<p>POR FAVOR, TEN CAMBIO EXACTO YA QUE LOS GUARDIAS NO PUEDEN DAR CAMBIO.<\/p>\n<p>Si te registras despu\u00e9s de las 18.30 h o en domingo, deber\u00e1s hacerlo al d\u00eda siguiente, de lunes a s\u00e1bado, en la oficina.<\/p>\n<p>TOALLAS DE PLAYA<br \/>\nSE ALQUILAN EN LA OFICINA DURANTE TODA TU ESTANCIA. LAS TOALLAS DE LAS VILLAS NO EST\u00c1N PERMITIDAS EN LA PISCINA NI EN LA PLAYA. <\/p>\n<p>EL DEP\u00d3SITO REEMBOLSABLE es de $300 Pesos o $15 USD por toalla. Nuestras camareras lavan las toallas en tu villa durante tu estancia. ( No se cambian en la oficina).  <\/p>\n<p>SALIDA<br \/>\nNUESTRA HORA DE SALIDA ES A LAS 11:00 h.<\/p>\n<p>Si quieres pedir una hora de salida m\u00e1s tard\u00eda, consulta con la oficina para ver si podemos hacerlo.<\/p>\n<p>Si la salida se realiza antes de las 11.00 h. o en domingo, cuando la oficina est\u00e1 cerrada, te rogamos que te pongas de acuerdo con la oficina con antelaci\u00f3n.<\/p>\n<p>Una propina normal para una criada es de 500 Pesos a la semana o 100 Pesos al d\u00eda.<br \/>\nPara los PH m\u00e1s grandes es algo m\u00e1s.<\/p>\n<p>NORMAS Y REGLAMENTOS de LOS ALMENDROS<\/p>\n<ul>\n<li>No est\u00e1 permitido fumar en los locales. Toda violaci\u00f3n de esta Ley ser\u00e1 sancionada con una multa. <\/li>\n<li>Los hu\u00e9spedes no pueden tener mascotas en Los Almendros. (s\u00f3lo los propietarios) <\/li>\n<li>Todos los hu\u00e9spedes con beb\u00e9s deben llevar cubrepa\u00f1ales de pl\u00e1stico o goma para utilizar la piscina.<\/li>\n<li>Si tus objetos de valor, joyas o documentos no se guardan en la caja de seguridad disponible en la habitaci\u00f3n, Los Almendros no asume ninguna responsabilidad por su posible desaparici\u00f3n.<\/li>\n<li>Aseg\u00farate de cerrar la unidad al salir. No es necesario entregar la llave en recepci\u00f3n. Devu\u00e9lvela a la salida.  <\/li>\n<li>En caso de p\u00e9rdida de las llaves, por favor, informa al personal de recepci\u00f3n del incidente, se cobrar\u00e1n 5$ por ello.<\/li>\n<li>Por favor, aseg\u00farate de que no olvidas nada al pasar por caja.<\/li>\n<li>Desaloja la habitaci\u00f3n antes de las 11.00 horas del d\u00eda de salida. LA ENTRADA ES A LAS 15 H <\/li>\n<li>Por favor, informa al personal de recepci\u00f3n de una posible salida m\u00e1s tarde, si no tenemos otro hu\u00e9sped entrando en la unidad podemos permitir una salida m\u00e1s tarde.<\/li>\n<li>Por favor, no molestes a otros hu\u00e9spedes con ruidos fuertes en las villas o zonas comunes, especialmente de 22:00 a 8:00 horas.<\/li>\n<li>Informa inmediatamente al personal de recepci\u00f3n de cualquier aver\u00eda o fallo de cualquier aparato.<\/li>\n<li>Por favor, cuida el inventario de la unidad y otros equipos. Todos los da\u00f1os intencionados que se produzcan durante tu estancia se cargar\u00e1n en tu cuenta. <\/li>\n<li>El inventario de la unidad (almohadas, mantas, toallas, utensilios de cocina, etc.) est\u00e1 destinado a que lo utilices durante tu estancia en LOS ALMENDROS y en esa unidad en concreto, y no debes retirarlo ni llev\u00e1rtelo a otra unidad.<\/li>\n<li>Unidades: Las unidades est\u00e1n amuebladas e inventariadas por nuestro Departamento de Limpieza con toallas, s\u00e1banas, vajilla, cristaler\u00eda, cuberter\u00eda de plata, ollas y sartenes y vajilla para el n\u00famero de hu\u00e9spedes permitido en la unidad. El hu\u00e9sped es responsable de los da\u00f1os o de los art\u00edculos que falten y se le cobrar\u00e1 el precio de reposici\u00f3n. <\/li>\n<li>Est\u00e1 prohibido colgar o guardar ropa, toallas u otros objetos en las barandillas de los balcones o porches. &#8211; Prohibido hacer barbacoas en los balcones. Hay parrillas de carb\u00f3n instaladas y disponibles en las zonas comunes o en determinadas villas.  <\/li>\n<li>No se permiten mascotas de ning\u00fan tipo en la propiedad por parte de los hu\u00e9spedes. Se cobrar\u00e1 una tasa de limpieza de 250,00 $. Adem\u00e1s, el hu\u00e9sped deber\u00e1 retirar la mascota de la propiedad inmediatamente cuando se le solicite.  <\/li>\n<li>Los servicios de limpieza se prestan en d\u00edas alternos.<\/li>\n<li>Piscinas: &#8211; Las piscinas y los jacuzzis est\u00e1n abiertos de 9.00 a 21.00 h. No se permiten fiestas en las piscinas a menos que se aprueben previamente por escrito en la oficina del Director. &#8211; No se permite comer ni beber (en el agua) en las piscinas ni en los jacuzzis. &#8211; No se permite m\u00fasica alta en las zonas de piscina. &#8211; No se permiten recipientes de vidrio en la zona de la piscina.   <\/li>\n<li>Las horas de silencio son entre las 22:00 y las 8:00 horas. &#8211; S\u00f3lo se puede hacer barbacoa en las zonas designadas. Hay parrillas de carb\u00f3n instaladas y disponibles en la zona de la piscina\/palapa.  <\/li>\n<\/ul>\n<p>&nbsp;<\/p>\n<p><em>GRACIAS<\/em><\/p>\n<p><em>Cumplimiento\/Sanciones: Se ha establecido un sistema de sanciones para garantizar el cumplimiento de las Normas y Reglamentos expuestos en este documento. Pueden imponerse multas por infracciones de cualquiera de las normas anteriores, de acuerdo con el siguiente calendario: 1\u00aa infracci\u00f3n tras la primera advertencia: 50,00 Segunda infracci\u00f3n: 100,00 Tercera infracci\u00f3n y siguientes: Importe a determinar por la Junta Directiva de LOS ALMENDROS. Se cargar\u00e1n en la tarjeta de cr\u00e9dito de los hu\u00e9spedes las sanciones o da\u00f1os causados a la unidad, al mobiliario interior y exterior o a cualquier equipo del complejo o de la unidad.  <\/em><\/p>\n","protected":false},"excerpt":{"rendered":"<p>ESTIMADO INVITADO O Pol\u00edtica de cancelaci\u00f3n es la siguiente: Se cargar\u00e1 &#8230; <\/p>\n","protected":false},"author":1,"featured_media":0,"parent":0,"menu_order":0,"comment_status":"closed","ping_status":"open","template":"","meta":{"footnotes":""},"class_list":["post-3607","page","type-page","status-publish","hentry"],"yoast_head":"<!-- This site is optimized with the Yoast SEO plugin v27.4 - https:\/\/yoast.com\/product\/yoast-seo-wordpress\/ -->\n<title>Normas y reglamentos - Los Almendros Sayulita<\/title>\n<meta name=\"robots\" content=\"index, follow, max-snippet:-1, max-image-preview:large, max-video-preview:-1\" \/>\n<link rel=\"canonical\" href=\"https:\/\/losalmendrossayulita.com\/es\/normas-y-reglamentos\/\" \/>\n<meta property=\"og:locale\" content=\"es_ES\" \/>\n<meta property=\"og:type\" content=\"article\" \/>\n<meta property=\"og:title\" content=\"Normas y reglamentos - Los Almendros Sayulita\" \/>\n<meta property=\"og:description\" content=\"ESTIMADO INVITADO O Pol\u00edtica de cancelaci\u00f3n es la siguiente: Se cargar\u00e1 ...\" \/>\n<meta property=\"og:url\" content=\"https:\/\/losalmendrossayulita.com\/es\/normas-y-reglamentos\/\" \/>\n<meta property=\"og:site_name\" content=\"Los Almendros Sayulita\" \/>\n<meta property=\"article:modified_time\" content=\"2025-07-17T20:47:42+00:00\" \/>\n<meta property=\"og:image\" content=\"https:\/\/losalmendrossayulita.com\/wp-content\/uploads\/2025\/04\/SIDEBAR-1.webp\" \/>\n\t<meta property=\"og:image:width\" content=\"502\" \/>\n\t<meta property=\"og:image:height\" content=\"544\" \/>\n\t<meta property=\"og:image:type\" content=\"image\/webp\" \/>\n<meta name=\"twitter:card\" content=\"summary_large_image\" \/>\n<meta name=\"twitter:label1\" content=\"Tiempo de lectura\" \/>\n\t<meta name=\"twitter:data1\" content=\"5 minutos\" \/>\n<script type=\"application\/ld+json\" class=\"yoast-schema-graph\">{\"@context\":\"https:\\\/\\\/schema.org\",\"@graph\":[{\"@type\":\"WebPage\",\"@id\":\"https:\\\/\\\/losalmendrossayulita.com\\\/es\\\/normas-y-reglamentos\\\/\",\"url\":\"https:\\\/\\\/losalmendrossayulita.com\\\/es\\\/normas-y-reglamentos\\\/\",\"name\":\"Normas y reglamentos - Los Almendros Sayulita\",\"isPartOf\":{\"@id\":\"https:\\\/\\\/losalmendrossayulita.com\\\/es\\\/#website\"},\"datePublished\":\"2025-02-26T18:00:33+00:00\",\"dateModified\":\"2025-07-17T20:47:42+00:00\",\"breadcrumb\":{\"@id\":\"https:\\\/\\\/losalmendrossayulita.com\\\/es\\\/normas-y-reglamentos\\\/#breadcrumb\"},\"inLanguage\":\"es\",\"potentialAction\":[{\"@type\":\"ReadAction\",\"target\":[\"https:\\\/\\\/losalmendrossayulita.com\\\/es\\\/normas-y-reglamentos\\\/\"]}]},{\"@type\":\"BreadcrumbList\",\"@id\":\"https:\\\/\\\/losalmendrossayulita.com\\\/es\\\/normas-y-reglamentos\\\/#breadcrumb\",\"itemListElement\":[{\"@type\":\"ListItem\",\"position\":1,\"name\":\"Home\",\"item\":\"https:\\\/\\\/losalmendrossayulita.com\\\/es\\\/inicio\\\/\"},{\"@type\":\"ListItem\",\"position\":2,\"name\":\"Normas y reglamentos\"}]},{\"@type\":\"WebSite\",\"@id\":\"https:\\\/\\\/losalmendrossayulita.com\\\/es\\\/#website\",\"url\":\"https:\\\/\\\/losalmendrossayulita.com\\\/es\\\/\",\"name\":\"Los Almendros Sayulita\",\"description\":\"Villas for Rent in Sayulita\",\"publisher\":{\"@id\":\"https:\\\/\\\/losalmendrossayulita.com\\\/es\\\/#organization\"},\"alternateName\":\"Villas for Rent in Sayulita\",\"potentialAction\":[{\"@type\":\"SearchAction\",\"target\":{\"@type\":\"EntryPoint\",\"urlTemplate\":\"https:\\\/\\\/losalmendrossayulita.com\\\/es\\\/?s={search_term_string}\"},\"query-input\":{\"@type\":\"PropertyValueSpecification\",\"valueRequired\":true,\"valueName\":\"search_term_string\"}}],\"inLanguage\":\"es\"},{\"@type\":\"Organization\",\"@id\":\"https:\\\/\\\/losalmendrossayulita.com\\\/es\\\/#organization\",\"name\":\"Los Almendros Sayulita\",\"url\":\"https:\\\/\\\/losalmendrossayulita.com\\\/es\\\/\",\"logo\":{\"@type\":\"ImageObject\",\"inLanguage\":\"es\",\"@id\":\"https:\\\/\\\/losalmendrossayulita.com\\\/es\\\/#\\\/schema\\\/logo\\\/image\\\/\",\"url\":\"https:\\\/\\\/losalmendrossayulita.com\\\/wp-content\\\/uploads\\\/2025\\\/04\\\/SIDEBAR-1.webp\",\"contentUrl\":\"https:\\\/\\\/losalmendrossayulita.com\\\/wp-content\\\/uploads\\\/2025\\\/04\\\/SIDEBAR-1.webp\",\"width\":502,\"height\":544,\"caption\":\"Los Almendros Sayulita\"},\"image\":{\"@id\":\"https:\\\/\\\/losalmendrossayulita.com\\\/es\\\/#\\\/schema\\\/logo\\\/image\\\/\"}}]}<\/script>\n<!-- \/ Yoast SEO plugin. -->","yoast_head_json":{"title":"Normas y reglamentos - Los Almendros Sayulita","robots":{"index":"index","follow":"follow","max-snippet":"max-snippet:-1","max-image-preview":"max-image-preview:large","max-video-preview":"max-video-preview:-1"},"canonical":"https:\/\/losalmendrossayulita.com\/es\/normas-y-reglamentos\/","og_locale":"es_ES","og_type":"article","og_title":"Normas y reglamentos - Los Almendros Sayulita","og_description":"ESTIMADO INVITADO O Pol\u00edtica de cancelaci\u00f3n es la siguiente: Se cargar\u00e1 ...","og_url":"https:\/\/losalmendrossayulita.com\/es\/normas-y-reglamentos\/","og_site_name":"Los Almendros Sayulita","article_modified_time":"2025-07-17T20:47:42+00:00","og_image":[{"width":502,"height":544,"url":"https:\/\/losalmendrossayulita.com\/wp-content\/uploads\/2025\/04\/SIDEBAR-1.webp","type":"image\/webp"}],"twitter_card":"summary_large_image","twitter_misc":{"Tiempo de lectura":"5 minutos"},"schema":{"@context":"https:\/\/schema.org","@graph":[{"@type":"WebPage","@id":"https:\/\/losalmendrossayulita.com\/es\/normas-y-reglamentos\/","url":"https:\/\/losalmendrossayulita.com\/es\/normas-y-reglamentos\/","name":"Normas y reglamentos - Los Almendros Sayulita","isPartOf":{"@id":"https:\/\/losalmendrossayulita.com\/es\/#website"},"datePublished":"2025-02-26T18:00:33+00:00","dateModified":"2025-07-17T20:47:42+00:00","breadcrumb":{"@id":"https:\/\/losalmendrossayulita.com\/es\/normas-y-reglamentos\/#breadcrumb"},"inLanguage":"es","potentialAction":[{"@type":"ReadAction","target":["https:\/\/losalmendrossayulita.com\/es\/normas-y-reglamentos\/"]}]},{"@type":"BreadcrumbList","@id":"https:\/\/losalmendrossayulita.com\/es\/normas-y-reglamentos\/#breadcrumb","itemListElement":[{"@type":"ListItem","position":1,"name":"Home","item":"https:\/\/losalmendrossayulita.com\/es\/inicio\/"},{"@type":"ListItem","position":2,"name":"Normas y reglamentos"}]},{"@type":"WebSite","@id":"https:\/\/losalmendrossayulita.com\/es\/#website","url":"https:\/\/losalmendrossayulita.com\/es\/","name":"Los Almendros Sayulita","description":"Villas for Rent in Sayulita","publisher":{"@id":"https:\/\/losalmendrossayulita.com\/es\/#organization"},"alternateName":"Villas for Rent in Sayulita","potentialAction":[{"@type":"SearchAction","target":{"@type":"EntryPoint","urlTemplate":"https:\/\/losalmendrossayulita.com\/es\/?s={search_term_string}"},"query-input":{"@type":"PropertyValueSpecification","valueRequired":true,"valueName":"search_term_string"}}],"inLanguage":"es"},{"@type":"Organization","@id":"https:\/\/losalmendrossayulita.com\/es\/#organization","name":"Los Almendros Sayulita","url":"https:\/\/losalmendrossayulita.com\/es\/","logo":{"@type":"ImageObject","inLanguage":"es","@id":"https:\/\/losalmendrossayulita.com\/es\/#\/schema\/logo\/image\/","url":"https:\/\/losalmendrossayulita.com\/wp-content\/uploads\/2025\/04\/SIDEBAR-1.webp","contentUrl":"https:\/\/losalmendrossayulita.com\/wp-content\/uploads\/2025\/04\/SIDEBAR-1.webp","width":502,"height":544,"caption":"Los Almendros Sayulita"},"image":{"@id":"https:\/\/losalmendrossayulita.com\/es\/#\/schema\/logo\/image\/"}}]}},"_links":{"self":[{"href":"https:\/\/losalmendrossayulita.com\/es\/wp-json\/wp\/v2\/pages\/3607","targetHints":{"allow":["GET"]}}],"collection":[{"href":"https:\/\/losalmendrossayulita.com\/es\/wp-json\/wp\/v2\/pages"}],"about":[{"href":"https:\/\/losalmendrossayulita.com\/es\/wp-json\/wp\/v2\/types\/page"}],"author":[{"embeddable":true,"href":"https:\/\/losalmendrossayulita.com\/es\/wp-json\/wp\/v2\/users\/1"}],"replies":[{"embeddable":true,"href":"https:\/\/losalmendrossayulita.com\/es\/wp-json\/wp\/v2\/comments?post=3607"}],"version-history":[{"count":1,"href":"https:\/\/losalmendrossayulita.com\/es\/wp-json\/wp\/v2\/pages\/3607\/revisions"}],"predecessor-version":[{"id":3704,"href":"https:\/\/losalmendrossayulita.com\/es\/wp-json\/wp\/v2\/pages\/3607\/revisions\/3704"}],"wp:attachment":[{"href":"https:\/\/losalmendrossayulita.com\/es\/wp-json\/wp\/v2\/media?parent=3607"}],"curies":[{"name":"wp","href":"https:\/\/api.w.org\/{rel}","templated":true}]}}